{"id":2142,"date":"2018-09-18T13:49:01","date_gmt":"2018-09-18T11:49:01","guid":{"rendered":"https:\/\/www.bike-connection-warehouse.de\/il-tuo-partner-affidabile\/"},"modified":"2022-12-19T10:01:02","modified_gmt":"2022-12-19T09:01:02","slug":"il-tuo-partner-affidabile","status":"publish","type":"page","link":"https:\/\/www.bike-connection-warehouse.de\/it\/il-tuo-partner-affidabile\/","title":{"rendered":"Il tuo partner affidabile"},"content":{"rendered":"<p><div class=\"fusion-fullwidth fullwidth-box fusion-builder-row-1 fusion-flex-container has-pattern-background has-mask-background nonhundred-percent-fullwidth non-hundred-percent-height-scrolling\" style=\"--awb-background-position:left top;--awb-border-sizes-top:0px;--awb-border-sizes-bottom:0px;--awb-border-sizes-left:0px;--awb-border-sizes-right:0px;--awb-border-radius-top-left:0px;--awb-border-radius-top-right:0px;--awb-border-radius-bottom-right:0px;--awb-border-radius-bottom-left:0px;--awb-padding-top:100px;--awb-padding-bottom:100px;--awb-flex-wrap:wrap;\" ><div class=\"fusion-builder-row fusion-row fusion-flex-align-items-flex-start fusion-flex-content-wrap\" style=\"max-width:1216.8px;margin-left: calc(-4% \/ 2 );margin-right: calc(-4% \/ 2 );\"><div class=\"fusion-layout-column fusion_builder_column fusion-builder-column-0 fusion_builder_column_1_1 1_1 fusion-flex-column fusion-flex-align-self-flex-start fusion-column-no-min-height\" style=\"--awb-bg-size:cover;--awb-width-large:100%;--awb-margin-top-large:0px;--awb-spacing-right-large:1.92%;--awb-margin-bottom-large:0px;--awb-spacing-left-large:1.92%;--awb-width-medium:100%;--awb-spacing-right-medium:1.92%;--awb-spacing-left-medium:1.92%;--awb-width-small:100%;--awb-spacing-right-small:1.92%;--awb-spacing-left-small:1.92%;\"><div class=\"fusion-column-wrapper fusion-flex-justify-content-flex-start fusion-content-layout-column\"><div class=\"fusion-separator fusion-full-width-sep\" style=\"align-self: center;margin-left: auto;margin-right: auto;margin-top:0px;margin-bottom:0px;width:100%;\"><div class=\"fusion-separator-border sep-single sep-solid\" style=\"--awb-height:20px;--awb-amount:20px;--awb-sep-color:#fef400;border-color:#fef400;border-top-width:5px;\"><\/div><\/div><\/div><\/div><div class=\"fusion-layout-column fusion_builder_column fusion-builder-column-1 fusion_builder_column_1_1 1_1 fusion-flex-column green-border rounded-border\" style=\"--awb-padding-top:60px;--awb-padding-right:60px;--awb-padding-bottom:50px;--awb-padding-left:60px;--awb-bg-color:#ffffff;--awb-bg-color-hover:#ffffff;--awb-bg-size:cover;--awb-border-color:#e2e2e2;--awb-border-top:1px;--awb-border-right:1px;--awb-border-bottom:1px;--awb-border-left:1px;--awb-border-style:solid;--awb-width-large:100%;--awb-margin-top-large:0px;--awb-spacing-right-large:1.92%;--awb-margin-bottom-large:20px;--awb-spacing-left-large:1.92%;--awb-width-medium:100%;--awb-spacing-right-medium:1.92%;--awb-spacing-left-medium:1.92%;--awb-width-small:100%;--awb-spacing-right-small:1.92%;--awb-spacing-left-small:1.92%;\"><div class=\"fusion-column-wrapper fusion-flex-justify-content-flex-start fusion-content-layout-column\"><div class=\"fusion-text fusion-text-1\"><p style=\"text-align: left;\"><img decoding=\"async\" class=\"alignleft wp-image-245 size-full\" style=\"margin-right: 60px;\" src=\"https:\/\/www.bike-connection-warehouse.de\/wp-content\/uploads\/2018\/08\/bike-connection-warehouse-05.jpg\" width=\"300\" height=\"220\" \/><\/p>\n<h3 style=\"text-align: left; margin-top: -20px;\">IL TUO PARTNER AFFIDABILE<\/h3>\n<p style=\"text-align: left;\">Helmut Karrasch ha fondato la societ\u00e0 Bike Connection nel gennaio 1987 a Schwerte. Insieme al suo team offriva motociclette, scooter, ricambi, accessori e abbigliamento. L\u2019officina principale ha completato l&#8217;offerta di servizi. All&#8217;inizio degli anni &#8217;90 \u00e8 stata aggiunta l&#8217;autoimportazione di veicoli e componenti dagli Stati Uniti. Poich\u00e9 la distribuzione mondiale di componenti su Internet \u00e8 diventata sempre pi\u00f9 importante negli ultimi anni, Helmut Karrasch ha fondato l&#8217;azienda Bike Connection Warehouse a Iserlohn nell&#8217;ottobre del 2007. Qui ha potuto espandere la capacit\u00e0 del magazzino e offrire ai clienti una gamma subito disponibile di pezzi di ricambio, parti soggette a usura e accessori da un inventario considerevolmente pi\u00f9 ampio. Molti anni di ottimi contatti con produttori, importatori e grossisti all&#8217;estero hanno inoltre consentito un servizio di consegna professionale.<\/p>\n<\/div><div class=\"fusion-separator fusion-full-width-sep\" style=\"align-self: center;margin-left: auto;margin-right: auto;margin-top:15px;margin-bottom:0px;width:100%;\"><\/div><\/div><\/div><\/div><\/div><div class=\"fusion-fullwidth fullwidth-box fusion-builder-row-2 fusion-flex-container has-pattern-background has-mask-background nonhundred-percent-fullwidth non-hundred-percent-height-scrolling\" style=\"--awb-border-sizes-top:0px;--awb-border-sizes-bottom:0px;--awb-border-sizes-left:0px;--awb-border-sizes-right:0px;--awb-border-radius-top-left:0px;--awb-border-radius-top-right:0px;--awb-border-radius-bottom-right:0px;--awb-border-radius-bottom-left:0px;--awb-padding-top:110px;--awb-padding-bottom:65px;--awb-background-color:#222222;--awb-flex-wrap:wrap;\" ><div class=\"fusion-builder-row fusion-row fusion-flex-align-items-flex-start fusion-flex-content-wrap\" style=\"max-width:1216.8px;margin-left: calc(-4% \/ 2 );margin-right: calc(-4% \/ 2 );\"><div class=\"fusion-layout-column fusion_builder_column fusion-builder-column-2 fusion_builder_column_1_1 1_1 fusion-flex-column fusion-flex-align-self-flex-start fusion-column-no-min-height\" style=\"--awb-bg-size:cover;--awb-width-large:100%;--awb-margin-top-large:0px;--awb-spacing-right-large:1.92%;--awb-margin-bottom-large:0px;--awb-spacing-left-large:1.92%;--awb-width-medium:100%;--awb-spacing-right-medium:1.92%;--awb-spacing-left-medium:1.92%;--awb-width-small:100%;--awb-spacing-right-small:1.92%;--awb-spacing-left-small:1.92%;\"><div class=\"fusion-column-wrapper fusion-flex-justify-content-flex-start fusion-content-layout-column\"><div class=\"fusion-text fusion-text-2\"><h2 style=\"text-align: center;\"><span style=\"color: #ffffff;\">DISPONIBILIT\u00c0 IMMEDIATA DAL NOSTRO AMPIO MAGAZZINO DI MARCHI<\/span><\/h2>\n<\/div><div class=\"fusion-separator\" style=\"align-self: center;margin-left: auto;margin-right: auto;margin-top:10px;margin-bottom:50px;width:100%;max-width:170px;\"><div class=\"fusion-separator-border sep-single sep-solid\" style=\"--awb-height:20px;--awb-amount:20px;--awb-sep-color:#444c56;border-color:#444c56;border-top-width:1px;\"><\/div><\/div><\/div><\/div><div class=\"fusion-layout-column fusion_builder_column fusion-builder-column-3 fusion_builder_column_1_4 1_4 fusion-flex-column\" style=\"--awb-bg-size:cover;--awb-width-large:25%;--awb-margin-top-large:0px;--awb-spacing-right-large:7.68%;--awb-margin-bottom-large:20px;--awb-spacing-left-large:7.68%;--awb-width-medium:100%;--awb-spacing-right-medium:1.92%;--awb-spacing-left-medium:1.92%;--awb-width-small:100%;--awb-spacing-right-small:1.92%;--awb-spacing-left-small:1.92%;\"><div class=\"fusion-column-wrapper fusion-flex-justify-content-flex-start fusion-content-layout-column\"><div class=\"fusion-image-element \" style=\"--awb-caption-title-font-family:var(--h2_typography-font-family);--awb-caption-title-font-weight:var(--h2_typography-font-weight);--awb-caption-title-font-style:var(--h2_typography-font-style);--awb-caption-title-size:var(--h2_typography-font-size);--awb-caption-title-transform:var(--h2_typography-text-transform);--awb-caption-title-line-height:var(--h2_typography-line-height);--awb-caption-title-letter-spacing:var(--h2_typography-letter-spacing);\"><span class=\" fusion-imageframe imageframe-none imageframe-1 hover-type-zoomin\"><a class=\"fusion-no-lightbox\" href=\"https:\/\/www.bike-connection-warehouse.de\/it\/us-outlaw\/\" target=\"_self\" aria-label=\"US OUTLAW\"><img decoding=\"async\" width=\"600\" height=\"600\" alt=\"Logo con la scritta &#039;US OUTLAW&#039; su uno sfondo di bandiera americana, con un cavallo nero in silhouette.\" src=\"https:\/\/www.bike-connection-warehouse.de\/wp-content\/uploads\/2018\/08\/us-outlaw.png\" class=\"img-responsive wp-image-1707\" srcset=\"https:\/\/www.bike-connection-warehouse.de\/wp-content\/uploads\/2018\/08\/us-outlaw-200x200.png 200w, https:\/\/www.bike-connection-warehouse.de\/wp-content\/uploads\/2018\/08\/us-outlaw-400x400.png 400w, https:\/\/www.bike-connection-warehouse.de\/wp-content\/uploads\/2018\/08\/us-outlaw.png 600w\" sizes=\"(max-width: 1024px) 100vw, (max-width: 850px) 100vw, 400px\" \/><\/a><\/span><\/div><div class=\"fusion-text fusion-text-3\"><p style=\"text-align: center;\"><a style=\"font-size: 16px;\" href=\"https:\/\/www.bike-connection-warehouse.de\/it\/us-outlaw\/\"><span style=\"color: #ffffff;\">us-outlaw.com<\/span><\/a><\/p>\n<\/div><\/div><\/div><div class=\"fusion-layout-column fusion_builder_column fusion-builder-column-4 fusion_builder_column_1_4 1_4 fusion-flex-column\" style=\"--awb-bg-size:cover;--awb-width-large:25%;--awb-margin-top-large:0px;--awb-spacing-right-large:7.68%;--awb-margin-bottom-large:20px;--awb-spacing-left-large:7.68%;--awb-width-medium:100%;--awb-spacing-right-medium:1.92%;--awb-spacing-left-medium:1.92%;--awb-width-small:100%;--awb-spacing-right-small:1.92%;--awb-spacing-left-small:1.92%;\"><div class=\"fusion-column-wrapper fusion-flex-justify-content-flex-start fusion-content-layout-column\"><div class=\"fusion-image-element \" style=\"--awb-caption-title-font-family:var(--h2_typography-font-family);--awb-caption-title-font-weight:var(--h2_typography-font-weight);--awb-caption-title-font-style:var(--h2_typography-font-style);--awb-caption-title-size:var(--h2_typography-font-size);--awb-caption-title-transform:var(--h2_typography-text-transform);--awb-caption-title-line-height:var(--h2_typography-line-height);--awb-caption-title-letter-spacing:var(--h2_typography-letter-spacing);\"><span class=\" fusion-imageframe imageframe-none imageframe-2 hover-type-zoomin\"><a class=\"fusion-no-lightbox\" href=\"https:\/\/www.bike-connection-warehouse.de\/it\/british-heritage\/\" target=\"_self\" aria-label=\"British Heritage\"><img decoding=\"async\" width=\"600\" height=\"600\" alt=\"Logo con il testo &#039;BRITISH HERITAGE&#039; e un motore con bandiera britannica sullo sfondo.\" src=\"https:\/\/www.bike-connection-warehouse.de\/wp-content\/uploads\/2018\/08\/british-heritage.png\" class=\"img-responsive wp-image-1710\" srcset=\"https:\/\/www.bike-connection-warehouse.de\/wp-content\/uploads\/2018\/08\/british-heritage-200x200.png 200w, https:\/\/www.bike-connection-warehouse.de\/wp-content\/uploads\/2018\/08\/british-heritage-400x400.png 400w, https:\/\/www.bike-connection-warehouse.de\/wp-content\/uploads\/2018\/08\/british-heritage.png 600w\" sizes=\"(max-width: 1024px) 100vw, (max-width: 850px) 100vw, 400px\" \/><\/a><\/span><\/div><div class=\"fusion-text fusion-text-4\"><p style=\"text-align: center;\"><a style=\"font-size: 16px;\" href=\"https:\/\/www.bike-connection-warehouse.de\/it\/british-heritage\/\"><span style=\"color: #ffffff;\">british-heritage.com<\/span><\/a><\/p>\n<\/div><\/div><\/div><div class=\"fusion-layout-column fusion_builder_column fusion-builder-column-5 fusion_builder_column_1_4 1_4 fusion-flex-column\" style=\"--awb-bg-size:cover;--awb-width-large:25%;--awb-margin-top-large:0px;--awb-spacing-right-large:7.68%;--awb-margin-bottom-large:20px;--awb-spacing-left-large:7.68%;--awb-width-medium:100%;--awb-spacing-right-medium:1.92%;--awb-spacing-left-medium:1.92%;--awb-width-small:100%;--awb-spacing-right-small:1.92%;--awb-spacing-left-small:1.92%;\"><div class=\"fusion-column-wrapper fusion-flex-justify-content-flex-start fusion-content-layout-column\"><div class=\"fusion-image-element \" style=\"--awb-caption-title-font-family:var(--h2_typography-font-family);--awb-caption-title-font-weight:var(--h2_typography-font-weight);--awb-caption-title-font-style:var(--h2_typography-font-style);--awb-caption-title-size:var(--h2_typography-font-size);--awb-caption-title-transform:var(--h2_typography-text-transform);--awb-caption-title-line-height:var(--h2_typography-line-height);--awb-caption-title-letter-spacing:var(--h2_typography-letter-spacing);\"><span class=\" fusion-imageframe imageframe-none imageframe-3 hover-type-zoomin\"><a class=\"fusion-no-lightbox\" href=\"https:\/\/www.bike-connection-warehouse.de\/it\/bavarian-boxer-treasure\/\" target=\"_self\" aria-label=\"Bavarian Boxer Treasure\"><img decoding=\"async\" width=\"600\" height=\"600\" alt=\"Logo Bavarian Boxer Treasure con un motore boxer cromato su uno sfondo blu e una scacchiera bianca e blu.\" src=\"https:\/\/www.bike-connection-warehouse.de\/wp-content\/uploads\/2018\/08\/bavarian-boxer-treasure.png\" class=\"img-responsive wp-image-1713\" srcset=\"https:\/\/www.bike-connection-warehouse.de\/wp-content\/uploads\/2018\/08\/bavarian-boxer-treasure-200x200.png 200w, https:\/\/www.bike-connection-warehouse.de\/wp-content\/uploads\/2018\/08\/bavarian-boxer-treasure-400x400.png 400w, https:\/\/www.bike-connection-warehouse.de\/wp-content\/uploads\/2018\/08\/bavarian-boxer-treasure.png 600w\" sizes=\"(max-width: 1024px) 100vw, (max-width: 850px) 100vw, 400px\" \/><\/a><\/span><\/div><div class=\"fusion-text fusion-text-5\"><p style=\"text-align: center;\"><a style=\"font-size: 16px;\" href=\"https:\/\/www.bike-connection-warehouse.de\/it\/british-heritage\/\"><span style=\"color: #ffffff;\">bavarian-boxer-treasure.de<\/span><\/a><\/p>\n<\/div><\/div><\/div><div class=\"fusion-layout-column fusion_builder_column fusion-builder-column-6 fusion_builder_column_1_4 1_4 fusion-flex-column\" style=\"--awb-bg-size:cover;--awb-width-large:25%;--awb-margin-top-large:0px;--awb-spacing-right-large:7.68%;--awb-margin-bottom-large:20px;--awb-spacing-left-large:7.68%;--awb-width-medium:100%;--awb-spacing-right-medium:1.92%;--awb-spacing-left-medium:1.92%;--awb-width-small:100%;--awb-spacing-right-small:1.92%;--awb-spacing-left-small:1.92%;\"><div class=\"fusion-column-wrapper fusion-flex-justify-content-flex-start fusion-content-layout-column\"><div class=\"fusion-image-element \" style=\"--awb-caption-title-font-family:var(--h2_typography-font-family);--awb-caption-title-font-weight:var(--h2_typography-font-weight);--awb-caption-title-font-style:var(--h2_typography-font-style);--awb-caption-title-size:var(--h2_typography-font-size);--awb-caption-title-transform:var(--h2_typography-text-transform);--awb-caption-title-line-height:var(--h2_typography-line-height);--awb-caption-title-letter-spacing:var(--h2_typography-letter-spacing);\"><span class=\" fusion-imageframe imageframe-none imageframe-4 hover-type-zoomin\"><a class=\"fusion-no-lightbox\" href=\"https:\/\/www.bike-connection-warehouse.de\/it\/tokaido\/\" target=\"_self\" aria-label=\"Tokaido\"><img decoding=\"async\" width=\"600\" height=\"600\" alt=\"Logo T\u014dkaid\u014d con caratteri giapponesi e cerchio rosso, rappresentante parti per motociclette.\" src=\"https:\/\/www.bike-connection-warehouse.de\/wp-content\/uploads\/2018\/08\/tokaido.png\" class=\"img-responsive wp-image-1704\" srcset=\"https:\/\/www.bike-connection-warehouse.de\/wp-content\/uploads\/2018\/08\/tokaido-200x200.png 200w, https:\/\/www.bike-connection-warehouse.de\/wp-content\/uploads\/2018\/08\/tokaido-400x400.png 400w, https:\/\/www.bike-connection-warehouse.de\/wp-content\/uploads\/2018\/08\/tokaido.png 600w\" sizes=\"(max-width: 1024px) 100vw, (max-width: 850px) 100vw, 400px\" \/><\/a><\/span><\/div><div class=\"fusion-text fusion-text-6\"><p style=\"text-align: center;\"><a style=\"font-size: 16px;\" href=\"https:\/\/www.bike-connection-warehouse.de\/it\/tokaido\/\"><span style=\"color: #ffffff;\">tokaido.world<\/span><\/a><\/p>\n<\/div><\/div><\/div><\/div><\/div><\/p>\n","protected":false},"excerpt":{"rendered":"","protected":false},"author":9,"featured_media":0,"parent":0,"menu_order":2,"comment_status":"closed","ping_status":"closed","template":"100-width.php","meta":{"footnotes":""},"class_list":["post-2142","page","type-page","status-publish","hentry"],"_links":{"self":[{"href":"https:\/\/www.bike-connection-warehouse.de\/it\/wp-json\/wp\/v2\/pages\/2142","targetHints":{"allow":["GET"]}}],"collection":[{"href":"https:\/\/www.bike-connection-warehouse.de\/it\/wp-json\/wp\/v2\/pages"}],"about":[{"href":"https:\/\/www.bike-connection-warehouse.de\/it\/wp-json\/wp\/v2\/types\/page"}],"author":[{"embeddable":true,"href":"https:\/\/www.bike-connection-warehouse.de\/it\/wp-json\/wp\/v2\/users\/9"}],"replies":[{"embeddable":true,"href":"https:\/\/www.bike-connection-warehouse.de\/it\/wp-json\/wp\/v2\/comments?post=2142"}],"version-history":[{"count":8,"href":"https:\/\/www.bike-connection-warehouse.de\/it\/wp-json\/wp\/v2\/pages\/2142\/revisions"}],"predecessor-version":[{"id":2658,"href":"https:\/\/www.bike-connection-warehouse.de\/it\/wp-json\/wp\/v2\/pages\/2142\/revisions\/2658"}],"wp:attachment":[{"href":"https:\/\/www.bike-connection-warehouse.de\/it\/wp-json\/wp\/v2\/media?parent=2142"}],"curies":[{"name":"wp","href":"https:\/\/api.w.org\/{rel}","templated":true}]}}