{"id":2073,"date":"2018-09-18T11:17:13","date_gmt":"2018-09-18T09:17:13","guid":{"rendered":"https:\/\/www.bike-connection-warehouse.de\/british-heritage\/"},"modified":"2022-12-19T10:00:56","modified_gmt":"2022-12-19T09:00:56","slug":"british-heritage","status":"publish","type":"page","link":"https:\/\/www.bike-connection-warehouse.de\/fr\/british-heritage\/","title":{"rendered":"British Heritage"},"content":{"rendered":"<p><div class=\"fusion-fullwidth fullwidth-box fusion-builder-row-1 fusion-flex-container has-pattern-background has-mask-background nonhundred-percent-fullwidth non-hundred-percent-height-scrolling\" style=\"--awb-border-radius-top-left:0px;--awb-border-radius-top-right:0px;--awb-border-radius-bottom-right:0px;--awb-border-radius-bottom-left:0px;--awb-margin-bottom:60px;--awb-flex-wrap:wrap;\" ><div class=\"fusion-builder-row fusion-row fusion-flex-align-items-flex-start fusion-flex-content-wrap\" style=\"max-width:1216.8px;margin-left: calc(-4% \/ 2 );margin-right: calc(-4% \/ 2 );\"><div class=\"fusion-layout-column fusion_builder_column fusion-builder-column-0 fusion_builder_column_1_1 1_1 fusion-flex-column\" style=\"--awb-bg-size:cover;--awb-width-large:100%;--awb-margin-top-large:0px;--awb-spacing-right-large:1.92%;--awb-margin-bottom-large:20px;--awb-spacing-left-large:1.92%;--awb-width-medium:100%;--awb-spacing-right-medium:1.92%;--awb-spacing-left-medium:1.92%;--awb-width-small:100%;--awb-spacing-right-small:1.92%;--awb-spacing-left-small:1.92%;\"><div class=\"fusion-column-wrapper fusion-flex-justify-content-flex-start fusion-content-layout-column\"><div class=\"fusion-image-element \" style=\"text-align:center;--awb-caption-title-font-family:var(--h2_typography-font-family);--awb-caption-title-font-weight:var(--h2_typography-font-weight);--awb-caption-title-font-style:var(--h2_typography-font-style);--awb-caption-title-size:var(--h2_typography-font-size);--awb-caption-title-transform:var(--h2_typography-text-transform);--awb-caption-title-line-height:var(--h2_typography-line-height);--awb-caption-title-letter-spacing:var(--h2_typography-letter-spacing);\"><span class=\" fusion-imageframe imageframe-none imageframe-1 hover-type-zoomin\"><a href=\"https:\/\/www.bike-connection-warehouse.de\/wp-content\/uploads\/2018\/08\/british-heritage.png\" class=\"fusion-lightbox\" data-rel=\"iLightbox[f890220c6b237195196]\" data-title=\"British Heritage\" title=\"British Heritage\"><img decoding=\"async\" width=\"300\" height=\"300\" alt=\"Logo repr\u00e9sentant un moteur de moto avec le texte &#039;BRITISH HERITAGE&#039; et un fond aux couleurs du drapeau britannique.\" src=\"https:\/\/www.bike-connection-warehouse.de\/wp-content\/uploads\/2018\/08\/british-heritage-300x300.png\" class=\"img-responsive wp-image-1709\" srcset=\"https:\/\/www.bike-connection-warehouse.de\/wp-content\/uploads\/2018\/08\/british-heritage-200x200.png 200w, https:\/\/www.bike-connection-warehouse.de\/wp-content\/uploads\/2018\/08\/british-heritage-400x400.png 400w, https:\/\/www.bike-connection-warehouse.de\/wp-content\/uploads\/2018\/08\/british-heritage.png 600w\" sizes=\"(max-width: 1024px) 100vw, (max-width: 850px) 100vw, 300px\" \/><\/a><\/span><\/div><\/div><\/div><\/div><\/div><div class=\"fusion-fullwidth fullwidth-box fusion-builder-row-2 fusion-flex-container has-pattern-background has-mask-background nonhundred-percent-fullwidth non-hundred-percent-height-scrolling\" style=\"--awb-border-radius-top-left:0px;--awb-border-radius-top-right:0px;--awb-border-radius-bottom-right:0px;--awb-border-radius-bottom-left:0px;--awb-padding-top:100px;--awb-padding-bottom:100px;--awb-background-color:#222222;--awb-flex-wrap:wrap;\" ><div class=\"fusion-builder-row fusion-row fusion-flex-align-items-flex-start fusion-flex-content-wrap\" style=\"max-width:1216.8px;margin-left: calc(-4% \/ 2 );margin-right: calc(-4% \/ 2 );\"><div class=\"fusion-layout-column fusion_builder_column fusion-builder-column-1 fusion_builder_column_1_1 1_1 fusion-flex-column\" style=\"--awb-bg-size:cover;--awb-width-large:100%;--awb-margin-top-large:0px;--awb-spacing-right-large:1.92%;--awb-margin-bottom-large:20px;--awb-spacing-left-large:1.92%;--awb-width-medium:100%;--awb-spacing-right-medium:1.92%;--awb-spacing-left-medium:1.92%;--awb-width-small:100%;--awb-spacing-right-small:1.92%;--awb-spacing-left-small:1.92%;\"><div class=\"fusion-column-wrapper fusion-flex-justify-content-flex-start fusion-content-layout-column\"><div class=\"fusion-title title fusion-title-1 fusion-sep-none fusion-title-center fusion-title-text fusion-title-size-one\" style=\"--awb-margin-top-small:10px;--awb-margin-right-small:0px;--awb-margin-bottom-small:10px;--awb-margin-left-small:0px;\"><h1 class=\"fusion-title-heading title-heading-center fusion-responsive-typography-calculated\" style=\"margin:0;--fontSize:34;line-height:3;\"><span style=\"font-family: roboto; font-weight: bold; color: #cccccc; font-size: 60px;\">BRITISH HERITAGE<\/span><\/h1><\/div><\/div><\/div><div class=\"fusion-layout-column fusion_builder_column fusion-builder-column-2 fusion_builder_column_1_4 1_4 fusion-flex-column\" style=\"--awb-bg-size:cover;--awb-width-large:25%;--awb-margin-top-large:0px;--awb-spacing-right-large:7.68%;--awb-margin-bottom-large:20px;--awb-spacing-left-large:7.68%;--awb-width-medium:100%;--awb-spacing-right-medium:1.92%;--awb-spacing-left-medium:1.92%;--awb-width-small:100%;--awb-spacing-right-small:1.92%;--awb-spacing-left-small:1.92%;\"><div class=\"fusion-column-wrapper fusion-flex-justify-content-flex-start fusion-content-layout-column\"><\/div><\/div><div class=\"fusion-layout-column fusion_builder_column fusion-builder-column-3 fusion_builder_column_1_2 1_2 fusion-flex-column\" style=\"--awb-bg-size:cover;--awb-width-large:50%;--awb-margin-top-large:0px;--awb-spacing-right-large:3.84%;--awb-margin-bottom-large:20px;--awb-spacing-left-large:3.84%;--awb-width-medium:100%;--awb-spacing-right-medium:1.92%;--awb-spacing-left-medium:1.92%;--awb-width-small:100%;--awb-spacing-right-small:1.92%;--awb-spacing-left-small:1.92%;\"><div class=\"fusion-column-wrapper fusion-flex-justify-content-flex-start fusion-content-layout-column\"><div class=\"fusion-text fusion-text-1\"><p style=\"text-align: center;\"><span style=\"color: #ffffff;\">Avec BRITISH HERITAGE nous proposons outre les accessoires classiques tels que les barres de protection, les porte-bagages et les supports pour sacoches en chrome et en \u00e9poxy noir, des accessoires chrom\u00e9s assortis.<\/span><\/p>\n<\/div><div class=\"fusion-image-element \" style=\"--awb-caption-title-font-family:var(--h2_typography-font-family);--awb-caption-title-font-weight:var(--h2_typography-font-weight);--awb-caption-title-font-style:var(--h2_typography-font-style);--awb-caption-title-size:var(--h2_typography-font-size);--awb-caption-title-transform:var(--h2_typography-text-transform);--awb-caption-title-line-height:var(--h2_typography-line-height);--awb-caption-title-letter-spacing:var(--h2_typography-letter-spacing);\"><span class=\" fusion-imageframe imageframe-none imageframe-2 hover-type-none\"><a href=\"https:\/\/www.bike-connection-warehouse.de\/wp-content\/uploads\/2018\/09\/british-heritage-01-1024x766.jpg\" class=\"fusion-lightbox\" data-rel=\"iLightbox[5a50ac6cbee6273bbfc]\" data-title=\"british-heritage-01\" title=\"british-heritage-01\"><img decoding=\"async\" width=\"1024\" height=\"766\" alt=\"Moto Triumph noire avec r\u00e9servoir et selle longue, finitions chrom\u00e9es, cadre et guidon, illustration du th\u00e8me British Heritage sur Bike Connection Warehouse.\" src=\"https:\/\/www.bike-connection-warehouse.de\/wp-content\/uploads\/2018\/09\/british-heritage-01-1024x766.jpg\" class=\"img-responsive wp-image-1832\" srcset=\"https:\/\/www.bike-connection-warehouse.de\/wp-content\/uploads\/2018\/09\/british-heritage-01-200x150.jpg 200w, https:\/\/www.bike-connection-warehouse.de\/wp-content\/uploads\/2018\/09\/british-heritage-01-400x299.jpg 400w, https:\/\/www.bike-connection-warehouse.de\/wp-content\/uploads\/2018\/09\/british-heritage-01-600x449.jpg 600w, https:\/\/www.bike-connection-warehouse.de\/wp-content\/uploads\/2018\/09\/british-heritage-01-800x599.jpg 800w, https:\/\/www.bike-connection-warehouse.de\/wp-content\/uploads\/2018\/09\/british-heritage-01.jpg 1093w\" sizes=\"(max-width: 1024px) 100vw, (max-width: 850px) 100vw, 600px\" \/><\/a><\/span><\/div><\/div><\/div><div class=\"fusion-layout-column fusion_builder_column fusion-builder-column-4 fusion_builder_column_1_4 1_4 fusion-flex-column\" style=\"--awb-bg-size:cover;--awb-width-large:25%;--awb-margin-top-large:0px;--awb-spacing-right-large:7.68%;--awb-margin-bottom-large:20px;--awb-spacing-left-large:7.68%;--awb-width-medium:100%;--awb-spacing-right-medium:1.92%;--awb-spacing-left-medium:1.92%;--awb-width-small:100%;--awb-spacing-right-small:1.92%;--awb-spacing-left-small:1.92%;\"><div class=\"fusion-column-wrapper fusion-flex-justify-content-flex-start fusion-content-layout-column\"><\/div><\/div><div class=\"fusion-layout-column fusion_builder_column fusion-builder-column-5 fusion_builder_column_1_1 1_1 fusion-flex-column\" style=\"--awb-bg-size:cover;--awb-width-large:100%;--awb-margin-top-large:0px;--awb-spacing-right-large:1.92%;--awb-margin-bottom-large:20px;--awb-spacing-left-large:1.92%;--awb-width-medium:100%;--awb-spacing-right-medium:1.92%;--awb-spacing-left-medium:1.92%;--awb-width-small:100%;--awb-spacing-right-small:1.92%;--awb-spacing-left-small:1.92%;\"><div class=\"fusion-column-wrapper fusion-flex-justify-content-flex-start fusion-content-layout-column\"><div class=\"awb-gallery-wrapper awb-gallery-wrapper-1 button-span-no\" data-limit=\"10\" data-page=\"1\"><div style=\"margin:-5px;--awb-bordersize:0px;\" class=\"fusion-gallery fusion-gallery-container fusion-grid-3 fusion-columns-total-6 fusion-gallery-layout-grid fusion-gallery-1\"><div style=\"padding:5px;\" class=\"fusion-grid-column fusion-gallery-column fusion-gallery-column-3 hover-type-none\"><div class=\"fusion-gallery-image\"><a href=\"https:\/\/www.bike-connection-warehouse.de\/wp-content\/uploads\/2018\/09\/british-heritage-02.jpg\" rel=\"noreferrer\" data-rel=\"iLightbox[gallery_image_1]\" class=\"fusion-lightbox\" target=\"_self\"><img decoding=\"async\" src=\"https:\/\/www.bike-connection-warehouse.de\/wp-content\/uploads\/2018\/09\/british-heritage-02.jpg\" width=\"800\" height=\"599\" alt=\"Moto avec composants chrom\u00e9s sur cadre noir \u00e9poxy, image d\u2019en-t\u00eate British Heritage pour Bike Connection Warehouse, mettant en avant le style classique et le soin des d\u00e9tails.\" title=\"british-heritage-02\" aria-label=\"british-heritage-02\" class=\"img-responsive wp-image-1525\" srcset=\"https:\/\/www.bike-connection-warehouse.de\/wp-content\/uploads\/2018\/09\/british-heritage-02-200x150.jpg 200w, https:\/\/www.bike-connection-warehouse.de\/wp-content\/uploads\/2018\/09\/british-heritage-02-400x300.jpg 400w, https:\/\/www.bike-connection-warehouse.de\/wp-content\/uploads\/2018\/09\/british-heritage-02-600x449.jpg 600w, https:\/\/www.bike-connection-warehouse.de\/wp-content\/uploads\/2018\/09\/british-heritage-02.jpg 800w\" sizes=\"(min-width: 2200px) 100vw, (min-width: 824px) 387px, (min-width: 732px) 580px, (min-width: 640px) 732px, \" \/><\/a><\/div><\/div><div style=\"padding:5px;\" class=\"fusion-grid-column fusion-gallery-column fusion-gallery-column-3 hover-type-none\"><div class=\"fusion-gallery-image\"><a href=\"https:\/\/www.bike-connection-warehouse.de\/wp-content\/uploads\/2018\/09\/british-heritage-03.jpg\" rel=\"noreferrer\" data-rel=\"iLightbox[gallery_image_1]\" class=\"fusion-lightbox\" target=\"_self\"><img decoding=\"async\" src=\"https:\/\/www.bike-connection-warehouse.de\/wp-content\/uploads\/2018\/09\/british-heritage-03.jpg\" width=\"800\" height=\"599\" alt=\"D\u00e9tail d&#039;une moto montrant le si\u00e8ge en cuir noir et le ressort chrom\u00e9 de l&#039;amortisseur arri\u00e8re, avec un pneu visible en arri\u00e8re-plan.\" title=\"british-heritage-03\" aria-label=\"british-heritage-03\" class=\"img-responsive wp-image-1526\" srcset=\"https:\/\/www.bike-connection-warehouse.de\/wp-content\/uploads\/2018\/09\/british-heritage-03-200x150.jpg 200w, https:\/\/www.bike-connection-warehouse.de\/wp-content\/uploads\/2018\/09\/british-heritage-03-400x300.jpg 400w, https:\/\/www.bike-connection-warehouse.de\/wp-content\/uploads\/2018\/09\/british-heritage-03-600x449.jpg 600w, https:\/\/www.bike-connection-warehouse.de\/wp-content\/uploads\/2018\/09\/british-heritage-03.jpg 800w\" sizes=\"(min-width: 2200px) 100vw, (min-width: 824px) 387px, (min-width: 732px) 580px, (min-width: 640px) 732px, \" \/><\/a><\/div><\/div><div style=\"padding:5px;\" class=\"fusion-grid-column fusion-gallery-column fusion-gallery-column-3 hover-type-none\"><div class=\"fusion-gallery-image\"><a href=\"https:\/\/www.bike-connection-warehouse.de\/wp-content\/uploads\/2018\/09\/british-heritage-04.jpg\" rel=\"noreferrer\" data-rel=\"iLightbox[gallery_image_1]\" class=\"fusion-lightbox\" target=\"_self\"><img decoding=\"async\" src=\"https:\/\/www.bike-connection-warehouse.de\/wp-content\/uploads\/2018\/09\/british-heritage-04.jpg\" width=\"800\" height=\"599\" alt=\"D\u00e9tail d&#039;une moto Triumph montrant la selle noire et le support chrom\u00e9 \u00e0 l&#039;arri\u00e8re.\" title=\"british-heritage-04\" aria-label=\"british-heritage-04\" class=\"img-responsive wp-image-1527\" srcset=\"https:\/\/www.bike-connection-warehouse.de\/wp-content\/uploads\/2018\/09\/british-heritage-04-200x150.jpg 200w, https:\/\/www.bike-connection-warehouse.de\/wp-content\/uploads\/2018\/09\/british-heritage-04-400x300.jpg 400w, https:\/\/www.bike-connection-warehouse.de\/wp-content\/uploads\/2018\/09\/british-heritage-04-600x449.jpg 600w, https:\/\/www.bike-connection-warehouse.de\/wp-content\/uploads\/2018\/09\/british-heritage-04.jpg 800w\" sizes=\"(min-width: 2200px) 100vw, (min-width: 824px) 387px, (min-width: 732px) 580px, (min-width: 640px) 732px, \" \/><\/a><\/div><\/div><div class=\"clearfix\"><\/div><div style=\"padding:5px;\" class=\"fusion-grid-column fusion-gallery-column fusion-gallery-column-3 hover-type-none\"><div class=\"fusion-gallery-image\"><a href=\"https:\/\/www.bike-connection-warehouse.de\/wp-content\/uploads\/2018\/09\/british-heritage-05.jpg\" rel=\"noreferrer\" data-rel=\"iLightbox[gallery_image_1]\" class=\"fusion-lightbox\" target=\"_self\"><img decoding=\"async\" src=\"https:\/\/www.bike-connection-warehouse.de\/wp-content\/uploads\/2018\/09\/british-heritage-05.jpg\" width=\"800\" height=\"599\" alt=\"Support de bagages chrom\u00e9 mont\u00e9 sur une moto Triumph avec un si\u00e8ge noir.\" title=\"british-heritage-05\" aria-label=\"british-heritage-05\" class=\"img-responsive wp-image-1528\" srcset=\"https:\/\/www.bike-connection-warehouse.de\/wp-content\/uploads\/2018\/09\/british-heritage-05-200x150.jpg 200w, https:\/\/www.bike-connection-warehouse.de\/wp-content\/uploads\/2018\/09\/british-heritage-05-400x300.jpg 400w, https:\/\/www.bike-connection-warehouse.de\/wp-content\/uploads\/2018\/09\/british-heritage-05-600x449.jpg 600w, https:\/\/www.bike-connection-warehouse.de\/wp-content\/uploads\/2018\/09\/british-heritage-05.jpg 800w\" sizes=\"(min-width: 2200px) 100vw, (min-width: 824px) 387px, (min-width: 732px) 580px, (min-width: 640px) 732px, \" \/><\/a><\/div><\/div><div style=\"padding:5px;\" class=\"fusion-grid-column fusion-gallery-column fusion-gallery-column-3 hover-type-none\"><div class=\"fusion-gallery-image\"><a href=\"https:\/\/www.bike-connection-warehouse.de\/wp-content\/uploads\/2018\/09\/british-heritage-06.jpg\" rel=\"noreferrer\" data-rel=\"iLightbox[gallery_image_1]\" class=\"fusion-lightbox\" target=\"_self\"><img decoding=\"async\" src=\"https:\/\/www.bike-connection-warehouse.de\/wp-content\/uploads\/2018\/09\/british-heritage-06.jpg\" width=\"800\" height=\"599\" alt=\"Support de moto en m\u00e9tal chrom\u00e9 avec amortisseur et pneu arri\u00e8re visible.\" title=\"british-heritage-06\" aria-label=\"british-heritage-06\" class=\"img-responsive wp-image-1529\" srcset=\"https:\/\/www.bike-connection-warehouse.de\/wp-content\/uploads\/2018\/09\/british-heritage-06-200x150.jpg 200w, https:\/\/www.bike-connection-warehouse.de\/wp-content\/uploads\/2018\/09\/british-heritage-06-400x300.jpg 400w, https:\/\/www.bike-connection-warehouse.de\/wp-content\/uploads\/2018\/09\/british-heritage-06-600x449.jpg 600w, https:\/\/www.bike-connection-warehouse.de\/wp-content\/uploads\/2018\/09\/british-heritage-06.jpg 800w\" sizes=\"(min-width: 2200px) 100vw, (min-width: 824px) 387px, (min-width: 732px) 580px, (min-width: 640px) 732px, \" \/><\/a><\/div><\/div><div style=\"padding:5px;\" class=\"fusion-grid-column fusion-gallery-column fusion-gallery-column-3 hover-type-none\"><div class=\"fusion-gallery-image\"><a href=\"https:\/\/www.bike-connection-warehouse.de\/wp-content\/uploads\/2018\/09\/british-heritage-07.jpg\" rel=\"noreferrer\" data-rel=\"iLightbox[gallery_image_1]\" class=\"fusion-lightbox\" target=\"_self\"><img decoding=\"async\" src=\"https:\/\/www.bike-connection-warehouse.de\/wp-content\/uploads\/2018\/09\/british-heritage-07.jpg\" width=\"800\" height=\"599\" alt=\"Support chrom\u00e9 sur une moto avec une selle noire et un feu arri\u00e8re rouge.\" title=\"british-heritage-07\" aria-label=\"british-heritage-07\" class=\"img-responsive wp-image-1530\" srcset=\"https:\/\/www.bike-connection-warehouse.de\/wp-content\/uploads\/2018\/09\/british-heritage-07-200x150.jpg 200w, https:\/\/www.bike-connection-warehouse.de\/wp-content\/uploads\/2018\/09\/british-heritage-07-400x300.jpg 400w, https:\/\/www.bike-connection-warehouse.de\/wp-content\/uploads\/2018\/09\/british-heritage-07-600x449.jpg 600w, https:\/\/www.bike-connection-warehouse.de\/wp-content\/uploads\/2018\/09\/british-heritage-07.jpg 800w\" sizes=\"(min-width: 2200px) 100vw, (min-width: 824px) 387px, (min-width: 732px) 580px, (min-width: 640px) 732px, \" \/><\/a><\/div><\/div><div class=\"clearfix\"><\/div><\/div><\/div><\/div><\/div><\/div><\/div><\/p>\n","protected":false},"excerpt":{"rendered":"","protected":false},"author":9,"featured_media":0,"parent":0,"menu_order":6,"comment_status":"closed","ping_status":"closed","template":"100-width.php","meta":{"footnotes":""},"class_list":["post-2073","page","type-page","status-publish","hentry"],"_links":{"self":[{"href":"https:\/\/www.bike-connection-warehouse.de\/fr\/wp-json\/wp\/v2\/pages\/2073","targetHints":{"allow":["GET"]}}],"collection":[{"href":"https:\/\/www.bike-connection-warehouse.de\/fr\/wp-json\/wp\/v2\/pages"}],"about":[{"href":"https:\/\/www.bike-connection-warehouse.de\/fr\/wp-json\/wp\/v2\/types\/page"}],"author":[{"embeddable":true,"href":"https:\/\/www.bike-connection-warehouse.de\/fr\/wp-json\/wp\/v2\/users\/9"}],"replies":[{"embeddable":true,"href":"https:\/\/www.bike-connection-warehouse.de\/fr\/wp-json\/wp\/v2\/comments?post=2073"}],"version-history":[{"count":3,"href":"https:\/\/www.bike-connection-warehouse.de\/fr\/wp-json\/wp\/v2\/pages\/2073\/revisions"}],"predecessor-version":[{"id":2650,"href":"https:\/\/www.bike-connection-warehouse.de\/fr\/wp-json\/wp\/v2\/pages\/2073\/revisions\/2650"}],"wp:attachment":[{"href":"https:\/\/www.bike-connection-warehouse.de\/fr\/wp-json\/wp\/v2\/media?parent=2073"}],"curies":[{"name":"wp","href":"https:\/\/api.w.org\/{rel}","templated":true}]}}